{"id":164,"date":"2023-05-23T17:27:24","date_gmt":"2023-05-23T15:27:24","guid":{"rendered":"https:\/\/resone-software.de\/makler\/?page_id=164"},"modified":"2024-03-11T19:19:38","modified_gmt":"2024-03-11T18:19:38","slug":"datenschutzerklaerung-2","status":"publish","type":"page","link":"https:\/\/resone-software.de\/makler\/datenschutzerklaerung-2\/","title":{"rendered":"Datenschutzerkl\u00e4rung"},"content":{"rendered":"\t\t<div data-elementor-type=\"wp-page\" data-elementor-id=\"164\" class=\"elementor elementor-164\" data-elementor-post-type=\"page\">\n\t\t\t\t\t\t<section class=\"elementor-section elementor-top-section elementor-element elementor-element-5c0256b9 elementor-section-boxed elementor-section-height-default elementor-section-height-default\" data-id=\"5c0256b9\" data-element_type=\"section\" data-e-type=\"section\">\n\t\t\t\t\t\t<div class=\"elementor-container elementor-column-gap-default\">\n\t\t\t\t\t<div class=\"elementor-column elementor-col-100 elementor-top-column elementor-element elementor-element-3d08e09c\" data-id=\"3d08e09c\" data-element_type=\"column\" data-e-type=\"column\">\n\t\t\t<div class=\"elementor-widget-wrap elementor-element-populated\">\n\t\t\t\t<div class=\"elementor-element elementor-element-3569668 e-flex e-con-boxed e-con e-parent\" data-id=\"3569668\" data-element_type=\"container\" data-e-type=\"container\">\n\t\t\t\t\t<div class=\"e-con-inner\">\n\t\t\t\t<div class=\"elementor-element elementor-element-86f4caf elementor-widget elementor-widget-text-editor\" data-id=\"86f4caf\" data-element_type=\"widget\" data-e-type=\"widget\" data-widget_type=\"text-editor.default\">\n\t\t\t\t<div class=\"elementor-widget-container\">\n\t\t\t\t\t\t\t\t\t<p><\/p>\n<h2 class=\"wp-block-heading\">Wer sind wir<\/h2>\n<p> <\/p>\n<p>https:\/\/awm-agent.com.<\/p>\n<p> <\/p>\n<h2 class=\"wp-block-heading\">Kommentare<\/h2>\n<p> <\/p>\n<p>Wenn Besucher Kommentare auf der Website hinterlassen, sammeln wir die Daten, die im Kommentarformular angezeigt werden, sowie die IP-Adresse des Besuchers und den Browser-User-Agent-String, um die Spam-Erkennung zu unterst\u00fctzen.<\/p>\n<p> <\/p>\n<p>Ein anonymisierter String, der aus Ihrer E-Mail-Adresse erstellt wird (auch Hash genannt), kann dem Gravatar-Dienst zur Verf\u00fcgung gestellt werden, um zu sehen, ob Sie ihn verwenden. Die Datenschutzrichtlinie des Gravatar-Dienstes ist hier verf\u00fcgbar: https:\/\/automattic.com\/privacy\/. Nach Genehmigung Ihres Kommentars ist Ihr Profilbild in dem Kontext Ihres Kommentars \u00f6ffentlich sichtbar.<\/p>\n<p> <\/p>\n<h2 class=\"wp-block-heading\">Medien<\/h2>\n<p> <\/p>\n<p>Wenn Sie Bilder auf die Website hochladen, sollten Sie vermeiden, Bilder mit eingebetteten Standortdaten (EXIF GPS) hochzuladen. Besucher der Website k\u00f6nnen jegliche Standortdaten aus Bildern auf der Website herunterladen und extrahieren.<\/p>\n<p> <\/p>\n<h2 class=\"wp-block-heading\">Cookies<\/h2>\n<p> <\/p>\n<p>Wenn Sie einen Kommentar auf unserer Seite hinterlassen, k\u00f6nnen Sie sich daf\u00fcr entscheiden, Ihren Namen, Ihre E-Mail-Adresse und Ihre Website in Cookies zu speichern. Diese dienen Ihrer Bequemlichkeit, sodass Sie Ihre Daten nicht erneut eingeben m\u00fcssen, wenn Sie einen weiteren Kommentar hinterlassen. Diese Cookies werden ein Jahr lang gespeichert.<\/p>\n<p> <\/p>\n<p>Wenn Sie unsere Login-Seite besuchen, setzen wir ein tempor\u00e4res Cookie, um festzustellen, ob Ihr Browser Cookies akzeptiert. Dieses Cookie enth\u00e4lt keine pers\u00f6nlichen Daten und wird verworfen, wenn Sie Ihren Browser schlie\u00dfen.<\/p>\n<p> <\/p>\n<p>Wenn Sie sich anmelden, setzen wir auch mehrere Cookies, um Ihre Login-Informationen und Ihre Bildschirmanzeigeoptionen zu speichern. Login-Cookies bleiben zwei Tage lang bestehen, und Cookies f\u00fcr Bildschirmoptionen ein Jahr. Wenn Sie &#8222;Angemeldet bleiben&#8220; ausw\u00e4hlen, bleibt Ihr Login zwei Wochen lang bestehen. Wenn Sie sich aus Ihrem Konto abmelden, werden die Login-Cookies entfernt.<\/p>\n<p> <\/p>\n<p>Wenn Sie einen Artikel bearbeiten oder ver\u00f6ffentlichen, wird ein zus\u00e4tzliches Cookie in Ihrem Browser gespeichert. Dieses Cookie enth\u00e4lt keine pers\u00f6nlichen Daten und zeigt lediglich die Post-ID des Artikels an, den Sie gerade bearbeitet haben. Es verf\u00e4llt nach einem Tag.<\/p>\n<p> <\/p>\n<h2 class=\"wp-block-heading\">Eingebettete Inhalte von anderen Websites<\/h2>\n<p> <\/p>\n<p>Artikel auf dieser Seite k\u00f6nnen eingebettete Inhalte enthalten (z. B. Videos, Bilder, Artikel usw.). Eingebettete Inhalte von anderen Websites verhalten sich genau so, als ob der Besucher die andere Website besucht h\u00e4tte.<\/p>\n<p> <\/p>\n<p>Diese Websites k\u00f6nnen Daten \u00fcber Sie sammeln, Cookies verwenden, zus\u00e4tzliches Tracking von Drittanbietern einbetten und Ihre Interaktion mit diesem eingebetteten Inhalt \u00fcberwachen, einschlie\u00dflich Ihrer Interaktion mit dem eingebetteten Inhalt, wenn Sie ein Konto haben und auf dieser Website angemeldet sind.<\/p>\n<p> <\/p>\n<h2 class=\"wp-block-heading\">Mit wem wir Ihre Daten teilen<\/h2>\n<p> <\/p>\n<p>Wenn Sie ein Passwort-Reset anfordern, wird Ihre IP-Adresse in der Reset-E-Mail enthalten sein.<\/p>\n<p> <\/p>\n<h2 class=\"wp-block-heading\">Wie lange wir Ihre Daten speichern<\/h2>\n<p> <\/p>\n<p>Wenn Sie einen Kommentar hinterlassen, werden der Kommentar und seine Metadaten auf unbestimmte Zeit gespeichert. Dies erm\u00f6glicht es uns, alle Folgekommentare automatisch zu erkennen und zu genehmigen, anstatt sie in einer Moderationswarteschlange zu halten.<\/p>\n<p> <\/p>\n<p>F\u00fcr Benutzer, die sich auf unserer Website registrieren (falls vorhanden), speichern wir auch die pers\u00f6nlichen Informationen, die sie in ihrem Benutzerprofil angeben. Alle Benutzer k\u00f6nnen ihre pers\u00f6nlichen Informationen jederzeit einsehen, bearbeiten oder l\u00f6schen (au\u00dfer sie k\u00f6nnen ihren Benutzernamen nicht \u00e4ndern). Website-Administratoren k\u00f6nnen diese Informationen ebenfalls einsehen und bearbeiten.<\/p>\n<p> <\/p>\n<h2 class=\"wp-block-heading\">Welche Rechte Sie \u00fcber Ihre Daten haben<\/h2>\n<p> <\/p>\n<p>Wenn Sie ein Konto auf dieser Website haben oder Kommentare hinterlassen haben, k\u00f6nnen Sie die Herausgabe einer exportierten Datei der pers\u00f6nlichen Daten, die wir \u00fcber Sie gespeichert haben, einschlie\u00dflich aller Daten, die Sie uns zur Verf\u00fcgung gestellt haben, anfordern. Sie k\u00f6nnen ebenfalls verlangen, dass wir jegliche pers\u00f6nlichen Daten, die wir \u00fcber Sie gespeichert haben, l\u00f6schen. Dies schlie\u00dft keine Daten ein, die wir aus administrativen, rechtlichen oder Sicherheitsgr\u00fcnden aufbewahren m\u00fcssen.<\/p>\n<p> <\/p>\n<h2 class=\"wp-block-heading\">Wohin Ihre Daten gesendet werden<\/h2>\n<p> <\/p>\n<p>Kommentare von Besuchern k\u00f6nnen durch einen automatisierten Spam-Erkennungsdienst \u00fcberpr\u00fcft werden.<\/p>\n<p><\/p>\t\t\t\t\t\t\t\t<\/div>\n\t\t\t\t<\/div>\n\t\t\t\t\t<\/div>\n\t\t\t\t<\/div>\n\t\t\t\t\t<\/div>\n\t\t<\/div>\n\t\t\t\t\t<\/div>\n\t\t<\/section>\n\t\t\t\t<\/div>\n\t\t","protected":false},"excerpt":{"rendered":"<p>Wer sind wir https:\/\/awm-agent.com. Kommentare Wenn Besucher Kommentare auf der Website hinterlassen, sammeln wir die Daten, die im Kommentarformular angezeigt werden, sowie die IP-Adresse des Besuchers und den Browser-User-Agent-String, um die Spam-Erkennung zu unterst\u00fctzen. Ein anonymisierter String, der aus Ihrer E-Mail-Adresse erstellt wird (auch Hash genannt), kann dem Gravatar-Dienst zur Verf\u00fcgung gestellt werden, um zu [&hellip;]<\/p>\n","protected":false},"author":3,"featured_media":0,"parent":0,"menu_order":0,"comment_status":"closed","ping_status":"closed","template":"","meta":{"footnotes":""},"class_list":["post-164","page","type-page","status-publish","hentry"],"aioseo_notices":[],"_links":{"self":[{"href":"https:\/\/resone-software.de\/makler\/wp-json\/wp\/v2\/pages\/164","targetHints":{"allow":["GET"]}}],"collection":[{"href":"https:\/\/resone-software.de\/makler\/wp-json\/wp\/v2\/pages"}],"about":[{"href":"https:\/\/resone-software.de\/makler\/wp-json\/wp\/v2\/types\/page"}],"author":[{"embeddable":true,"href":"https:\/\/resone-software.de\/makler\/wp-json\/wp\/v2\/users\/3"}],"replies":[{"embeddable":true,"href":"https:\/\/resone-software.de\/makler\/wp-json\/wp\/v2\/comments?post=164"}],"version-history":[{"count":5,"href":"https:\/\/resone-software.de\/makler\/wp-json\/wp\/v2\/pages\/164\/revisions"}],"predecessor-version":[{"id":24488,"href":"https:\/\/resone-software.de\/makler\/wp-json\/wp\/v2\/pages\/164\/revisions\/24488"}],"wp:attachment":[{"href":"https:\/\/resone-software.de\/makler\/wp-json\/wp\/v2\/media?parent=164"}],"curies":[{"name":"wp","href":"https:\/\/api.w.org\/{rel}","templated":true}]}}